{"id":2606,"date":"2023-08-26T13:47:45","date_gmt":"2023-08-26T11:47:45","guid":{"rendered":"https:\/\/immo-maklerfrei-formulare.de\/?page_id=2606"},"modified":"2023-11-25T14:04:06","modified_gmt":"2023-11-25T12:04:06","slug":"seite-2-2","status":"publish","type":"page","link":"https:\/\/immo-maklerfrei-formulare.de\/?page_id=2606","title":{"rendered":"Bilder verkleinern handy"},"content":{"rendered":"<p>[et_pb_section fb_built=&#8220;1&#8243; _builder_version=&#8220;4.20.2&#8243; _module_preset=&#8220;default&#8220; background_image=&#8220;https:\/\/immo-maklerfrei-formulare.de\/wp-content\/uploads\/2023\/08\/bilder_verkleinern_4.jpg&#8220; height=&#8220;464px&#8220; global_colors_info=&#8220;{}&#8220;][\/et_pb_section][et_pb_section fb_built=&#8220;1&#8243; _builder_version=&#8220;4.20.2&#8243; _module_preset=&#8220;default&#8220; background_color=&#8220;#0C71C3&#8243; global_colors_info=&#8220;{}&#8220;][et_pb_row column_structure=&#8220;1_5,3_5,1_5&#8243; _builder_version=&#8220;4.20.2&#8243; _module_preset=&#8220;default&#8220; background_color=&#8220;#000000&#8243; width=&#8220;100%&#8220; custom_margin=&#8220;-42px||-43px||false|false&#8220; global_colors_info=&#8220;{}&#8220;][et_pb_column type=&#8220;1_5&#8243; _builder_version=&#8220;4.20.2&#8243; _module_preset=&#8220;default&#8220; global_colors_info=&#8220;{}&#8220;][\/et_pb_column][et_pb_column type=&#8220;3_5&#8243; _builder_version=&#8220;4.20.2&#8243; _module_preset=&#8220;default&#8220; global_colors_info=&#8220;{}&#8220;][et_pb_text _builder_version=&#8220;4.20.2&#8243; _module_preset=&#8220;default&#8220; text_font=&#8220;Aboreto|700|||||||&#8220; text_text_color=&#8220;#FFFFFF&#8220; text_font_size=&#8220;18px&#8220; global_colors_info=&#8220;{}&#8220;]<\/p>\n<p style=\"text-align: center;\">Bilder verkleinern mit dem\u00a0 handy<\/p>\n<p>[\/et_pb_text][\/et_pb_column][et_pb_column type=&#8220;1_5&#8243; _builder_version=&#8220;4.20.2&#8243; _module_preset=&#8220;default&#8220; global_colors_info=&#8220;{}&#8220;][\/et_pb_column][\/et_pb_row][\/et_pb_section][et_pb_section fb_built=&#8220;1&#8243; _builder_version=&#8220;4.20.2&#8243; _module_preset=&#8220;default&#8220; background_color=&#8220;#E09900&#8243; global_colors_info=&#8220;{}&#8220;][et_pb_row column_structure=&#8220;1_5,3_5,1_5&#8243; _builder_version=&#8220;4.20.2&#8243; _module_preset=&#8220;default&#8220; background_image=&#8220;https:\/\/immo-maklerfrei-formulare.de\/wp-content\/uploads\/2023\/04\/hintergrund_wolken_min_b6.jpg&#8220; global_colors_info=&#8220;{}&#8220;][et_pb_column type=&#8220;1_5&#8243; _builder_version=&#8220;4.20.2&#8243; _module_preset=&#8220;default&#8220; global_colors_info=&#8220;{}&#8220;][\/et_pb_column][et_pb_column type=&#8220;3_5&#8243; _builder_version=&#8220;4.20.2&#8243; _module_preset=&#8220;default&#8220; global_colors_info=&#8220;{}&#8220;][et_pb_text _builder_version=&#8220;4.20.2&#8243; _module_preset=&#8220;default&#8220; background_color=&#8220;#7CDA24&#8243; custom_padding=&#8220;20px|20px|20px|20px|false|false&#8220; global_colors_info=&#8220;{}&#8220;]<\/p>\n<p style=\"text-align: center;\"><span style=\"color: #0000ff;\"><strong>Bilder verkleinern, warum?<\/strong><\/span><\/p>\n<p style=\"text-align: center;\"><span style=\"color: #8300e9;\"><em>Eine kurze Einf\u00fchrung\u00a0 zum Verst\u00e4ndnis<\/em><\/span><\/p>\n<p>Grunds\u00e4tzlich\u00a0 bestehen elektronische\u00a0 Bilder, wie alles in\u00a0 der Digitaltechnik, aus langen\u00a0 Reihen\u00a0 winzig kleiner\u00a0 Stromimpulse \u2013 genannt Bits. Jeweils 8 dieser Bits werden\u00a0 als 1 Byte bezeichnet und eine Anzahl dieser Bytes als Datenrate.<\/p>\n<p>In der elektronischen Bildbearbeitung werden die K\u00fcrzel KB und MB genutzt, \u00a0wobei 1 KB eintausend Bytes bezeichnet und 1 MB eine Million.<\/p>\n<p>Die <strong>Datenrate<\/strong> eines Bildes vervielfacht sich mit zunehmender Gr\u00f6\u00dfe rasant. Eine elektronische \u00dcbermittlung per Formular, akzeptiert h\u00e4ufig allerdings nur, eine solche von <strong>maximal 30 MB<\/strong>! Deshalb k\u00f6nnen die Bilder <strong>entweder nur\u00a0 in\u00a0 kleinen Mengen nacheinander<\/strong>, oder\u00a0 aber <strong>\u201everkleinert\u201c,<\/strong> <strong>auf einmal<\/strong> \u00fcbermittelt\u00a0 werden.<\/p>\n<p>Keine Angst, dem Bild wird nichts abgeschnitten, <strong>verkleinert<\/strong> wird <strong>nur die Datenrate<\/strong> des\u00a0 Bildes. Das Original bleibt dabei erhalten.<\/p>\n<p style=\"text-align: center;\"><span style=\"color: #8300e9;\"><em>Warum macht es Sinn die Bilder selbst zu verkleinern?<\/em><\/span><\/p>\n<p>Die vollautomatische Bilderverkleinerung bei der\u00a0 Eingabe ins Formular, verwendet immer den h\u00f6chstm\u00f6glichen Verkleinerungsgrad. F\u00fcr die Betrachtung der Bilder per PC, Handy, Laptop oder Tablet, ist dies absolut ok.\u00a0 Doch\u00a0 schon beim zoomen\u00a0 des Bildes mit dem Handy oder Tablet, wird\u2019s problematisch. Auch\u00a0 die Darstellung mittels\u00a0 gr\u00f6\u00dferem PC-Monitor oder TV, l\u00e4sst dann doch, durchaus zu w\u00fcnschen \u00fcbrig. Zudem kann das Bild vor der Ver\u00f6ffentlichung, \u00a0oft nicht mehr sinnvoll nachbearbeitet\u00a0 werden.<\/p>\n<p>Mit Blick auf die <strong>30 MB<\/strong>-Grenze, verbleiben so noch\u00a0 zwei M\u00f6glichkeiten der Bilder\u00fcbermittlung:<\/p>\n<ul>\n<li>Entweder \u2013 nach vorhergehender, <strong>personeller Verkleinerung \u2013<\/strong> bis zu zehn Bilder auf einmal zu senden <em>(empfohlen f\u00fcr mehrere Objekte),<\/em> oder aber<\/li>\n<li>die Bilder <strong>mehrfach<\/strong> in kleinen Mengen nacheinander zu \u00fcbermitteln. Eine sinnvolle Komprimierung erfolgt dann nach der \u00dcbertragung.<\/li>\n<\/ul>\n<p style=\"text-align: center;\"><span style=\"color: #0c71c3;\"><em>\u00a0<span style=\"color: #8300e9;\">Wie kann ich\u00a0 die Bilder verkleinern, wenn diese zu gro\u00df sind?<\/span><\/em><\/span><strong><br \/><\/strong><\/p>\n<p>In der\u00a0 Regel verf\u00fcgen\u00a0 die meisten neueren handies \u00fcber ein Kompressions-Werkzeug. Leider ist es aufgrund der\u00a0 un\u00fcbersehbaren Vielfalt vorhandener Smartphones nicht m\u00f6glich,\u00a0 eine\u00a0 universelle Beschreibung\u00a0 zu erstellen. Es fehlt einfach\u00a0 jegliche Normierung. Dazu kommen noch die j\u00e4hrlichen Modell-Wechsel.<\/p>\n<p>Die einzelnen\u00a0 Schritte sind\u00a0 dennoch\u00a0 immer in etwa die gleichen:<\/p>\n<ul>\n<li><strong>Schritt 1<\/strong>: \u00d6ffnen\u00a0 der\u00a0 Galerie (Bilder-Ordner).<\/li>\n<li><strong>Schritt 2<\/strong>: Ein Bild per Klick ausw\u00e4hlen (das Bild wird gro\u00df).<\/li>\n<li><strong>Schritt<\/strong> <strong>3:<\/strong> Mit dem\u00a0 Bearbeitungswerkzeug <span style=\"color: #0c71c3;\"><em>(oft ein schr\u00e4gliegender Griffel),<\/em><\/span> das Bearbeitungsprogramm aufrufen und in dessen Unterprogramm <span style=\"color: #0c71c3;\"><em>(vielfach mit 3<\/em> <em>Punkten unter- oder nebeneinander gekennzeichnet)<\/em><\/span> das Programm &#8222;Gr\u00f6\u00dfe verkleinern&#8220;, oder\u00a0 \u00e4hnliches aufrufen.<\/li>\n<li><strong>Schritt 4<\/strong>: Die Verkleinerung mit allen Bildern nacheinander\u00a0 durchf\u00fchren und <span style=\"color: #0c71c3;\"><em>speichern.<\/em><\/span><\/li>\n<li><strong>Schritt 5<\/strong>: Die gespeicherten Bilder landen\u00a0 meist in\u00a0 der Galerie, unter &#8222;Bilder&#8220; oder &#8222;Album&#8220;, dem\u00a0 Datum nach geordnet, ganz oben. Teilweise\u00a0 aber auch in\u00a0 der\u00a0 Zwischenablage\u00a0 oder aber in einem neu erstellten Ordner, je nach\u00a0 Gusto des Herstellers. <\/li>\n<li>Wenn&#8217;s nicht klappt, empfehlen wir\u00a0 <strong>folgende App zum Download per handy \u00fcber\u00a0 den\u00a0 Playstore.<\/strong><\/li>\n<\/ul>\n<p>[\/et_pb_text][et_pb_text _builder_version=&#8220;4.20.2&#8243; _module_preset=&#8220;default&#8220; global_colors_info=&#8220;{}&#8220;][\/et_pb_text][\/et_pb_column][et_pb_column type=&#8220;1_5&#8243; _builder_version=&#8220;4.20.2&#8243; _module_preset=&#8220;default&#8220; global_colors_info=&#8220;{}&#8220;][\/et_pb_column][\/et_pb_row][et_pb_row column_structure=&#8220;2_5,3_5&#8243; _builder_version=&#8220;4.20.2&#8243; _module_preset=&#8220;default&#8220; background_color=&#8220;#EDF000&#8243; width=&#8220;53%&#8220; custom_margin=&#8220;-50px||0px||false|false&#8220; custom_padding=&#8220;||0px||false|false&#8220; global_colors_info=&#8220;{}&#8220;][et_pb_column type=&#8220;2_5&#8243; _builder_version=&#8220;4.20.2&#8243; _module_preset=&#8220;default&#8220; global_colors_info=&#8220;{}&#8220;][et_pb_image src=&#8220;https:\/\/immo-maklerfrei-formulare.de\/wp-content\/uploads\/2023\/09\/bild_verkleinerung_smartphone.jpg&#8220; title_text=&#8220;bild_verkleinerung_smartphone&#8220; url=&#8220;https:\/\/play.google.com\/store\/apps\/details?id=dot.photo.compress.app&#8220; url_new_window=&#8220;on&#8220; _builder_version=&#8220;4.20.2&#8243; _module_preset=&#8220;default&#8220; width=&#8220;44%&#8220; module_alignment=&#8220;center&#8220; custom_margin=&#8220;23px||||false|false&#8220; global_colors_info=&#8220;{}&#8220;][\/et_pb_image][\/et_pb_column][et_pb_column type=&#8220;3_5&#8243; _builder_version=&#8220;4.20.2&#8243; _module_preset=&#8220;default&#8220; global_colors_info=&#8220;{}&#8220;][et_pb_text _builder_version=&#8220;4.20.2&#8243; _module_preset=&#8220;default&#8220; custom_margin=&#8220;|25px|-9px||false|false&#8220; global_colors_info=&#8220;{}&#8220;]<\/p>\n<p style=\"text-align: left;\">Mit einem Klick ins Bild, \u00f6ffnet sich\u00a0 die Informations-Seite zu unserer\u00a0 Empfehlung. Der <strong>Download<\/strong> des Programmes erfolgt \u00fcber den <strong>&#8222;Playstore&#8220;<\/strong> per handy und dem\u00a0 Suchwort <strong>&#8222;Bildkompression&#8220;<\/strong>. Wenn die Werbung\u00a0 zu sehr st\u00f6rt &#8211; nutzen\u00a0 Sie die Werbefreiheit f\u00fcr nur \u20ac 1,09 f\u00fcr einen Monat.<\/p>\n<p>&nbsp;<\/p>\n<p>[\/et_pb_text][\/et_pb_column][\/et_pb_row][\/et_pb_section]<\/p>\n","protected":false},"excerpt":{"rendered":"<p>Bilder verkleinern mit dem\u00a0 handy Bilder verkleinern, warum? Eine kurze Einf\u00fchrung\u00a0 zum Verst\u00e4ndnis Grunds\u00e4tzlich\u00a0 bestehen elektronische\u00a0 Bilder, wie alles in\u00a0 der Digitaltechnik, aus langen\u00a0 Reihen\u00a0 winzig kleiner\u00a0 Stromimpulse \u2013 genannt [&hellip;]<\/p>\n","protected":false},"author":1,"featured_media":0,"parent":0,"menu_order":0,"comment_status":"closed","ping_status":"closed","template":"","meta":{"_et_pb_use_builder":"on","_et_pb_old_content":"","_et_gb_content_width":"","_kadence_starter_templates_imported_post":false,"footnotes":""},"class_list":["post-2606","page","type-page","status-publish","hentry"],"_links":{"self":[{"href":"https:\/\/immo-maklerfrei-formulare.de\/index.php?rest_route=\/wp\/v2\/pages\/2606","targetHints":{"allow":["GET"]}}],"collection":[{"href":"https:\/\/immo-maklerfrei-formulare.de\/index.php?rest_route=\/wp\/v2\/pages"}],"about":[{"href":"https:\/\/immo-maklerfrei-formulare.de\/index.php?rest_route=\/wp\/v2\/types\/page"}],"author":[{"embeddable":true,"href":"https:\/\/immo-maklerfrei-formulare.de\/index.php?rest_route=\/wp\/v2\/users\/1"}],"replies":[{"embeddable":true,"href":"https:\/\/immo-maklerfrei-formulare.de\/index.php?rest_route=%2Fwp%2Fv2%2Fcomments&post=2606"}],"version-history":[{"count":49,"href":"https:\/\/immo-maklerfrei-formulare.de\/index.php?rest_route=\/wp\/v2\/pages\/2606\/revisions"}],"predecessor-version":[{"id":3305,"href":"https:\/\/immo-maklerfrei-formulare.de\/index.php?rest_route=\/wp\/v2\/pages\/2606\/revisions\/3305"}],"wp:attachment":[{"href":"https:\/\/immo-maklerfrei-formulare.de\/index.php?rest_route=%2Fwp%2Fv2%2Fmedia&parent=2606"}],"curies":[{"name":"wp","href":"https:\/\/api.w.org\/{rel}","templated":true}]}}