{"id":2554,"date":"2023-08-22T18:09:34","date_gmt":"2023-08-22T16:09:34","guid":{"rendered":"https:\/\/immo-maklerfrei-formulare.de\/?page_id=2554"},"modified":"2023-11-25T14:26:16","modified_gmt":"2023-11-25T12:26:16","slug":"info-bilder-upload","status":"publish","type":"page","link":"https:\/\/immo-maklerfrei-formulare.de\/?page_id=2554","title":{"rendered":"info Bilder-upload"},"content":{"rendered":"<p>[et_pb_section fb_built=&#8220;1&#8243; _builder_version=&#8220;4.20.2&#8243; _module_preset=&#8220;default&#8220; background_image=&#8220;https:\/\/immo-maklerfrei-formulare.de\/wp-content\/uploads\/2023\/08\/upload_1.jpg&#8220; height=&#8220;433px&#8220; global_colors_info=&#8220;{}&#8220;][et_pb_row _builder_version=&#8220;4.20.2&#8243; _module_preset=&#8220;default&#8220; global_colors_info=&#8220;{}&#8220;][et_pb_column type=&#8220;4_4&#8243; _builder_version=&#8220;4.20.2&#8243; _module_preset=&#8220;default&#8220; global_colors_info=&#8220;{}&#8220;][et_pb_image _builder_version=&#8220;4.20.2&#8243; _module_preset=&#8220;default&#8220; global_colors_info=&#8220;{}&#8220;][\/et_pb_image][\/et_pb_column][\/et_pb_row][\/et_pb_section][et_pb_section fb_built=&#8220;1&#8243; _builder_version=&#8220;4.20.2&#8243; _module_preset=&#8220;default&#8220; background_color=&#8220;#0C71C3&#8243; global_colors_info=&#8220;{}&#8220;][et_pb_row column_structure=&#8220;1_3,1_3,1_3&#8243; _builder_version=&#8220;4.20.2&#8243; _module_preset=&#8220;default&#8220; background_color=&#8220;#000000&#8243; width=&#8220;100%&#8220; custom_margin=&#8220;-40px||-41px||false|false&#8220; custom_padding=&#8220;16px||||false|false&#8220; global_colors_info=&#8220;{}&#8220;][et_pb_column type=&#8220;1_3&#8243; _builder_version=&#8220;4.20.2&#8243; _module_preset=&#8220;default&#8220; global_colors_info=&#8220;{}&#8220;][\/et_pb_column][et_pb_column type=&#8220;1_3&#8243; _builder_version=&#8220;4.20.2&#8243; _module_preset=&#8220;default&#8220; global_colors_info=&#8220;{}&#8220;][et_pb_text _builder_version=&#8220;4.20.2&#8243; _module_preset=&#8220;default&#8220; text_font=&#8220;Aboreto||||||||&#8220; text_text_color=&#8220;#FFFFFF&#8220; text_font_size=&#8220;19px&#8220; global_colors_info=&#8220;{}&#8220;]<\/p>\n<p>info zum Bilder-upload<\/p>\n<p>[\/et_pb_text][\/et_pb_column][et_pb_column type=&#8220;1_3&#8243; _builder_version=&#8220;4.20.2&#8243; _module_preset=&#8220;default&#8220; global_colors_info=&#8220;{}&#8220;][\/et_pb_column][\/et_pb_row][\/et_pb_section][et_pb_section fb_built=&#8220;1&#8243; _builder_version=&#8220;4.20.2&#8243; _module_preset=&#8220;default&#8220; background_color=&#8220;#E09900&#8243; global_colors_info=&#8220;{}&#8220;][et_pb_row column_structure=&#8220;1_5,3_5,1_5&#8243; _builder_version=&#8220;4.20.2&#8243; _module_preset=&#8220;default&#8220; background_color=&#8220;#E09900&#8243; background_image=&#8220;https:\/\/immo-maklerfrei-formulare.de\/wp-content\/uploads\/2023\/04\/hintergrund_wolken_min_b6.jpg&#8220; global_colors_info=&#8220;{}&#8220;][et_pb_column type=&#8220;1_5&#8243; _builder_version=&#8220;4.20.2&#8243; _module_preset=&#8220;default&#8220; global_colors_info=&#8220;{}&#8220;][\/et_pb_column][et_pb_column type=&#8220;3_5&#8243; _builder_version=&#8220;4.20.2&#8243; _module_preset=&#8220;default&#8220; global_colors_info=&#8220;{}&#8220;][et_pb_text _builder_version=&#8220;4.20.2&#8243; _module_preset=&#8220;default&#8220; text_font=&#8220;||||||||&#8220; text_text_color=&#8220;#000000&#8243; background_color=&#8220;#7CDA24&#8243; custom_padding=&#8220;25px|20px|25px|20px|false|false&#8220; global_colors_info=&#8220;{}&#8220;]<\/p>\n<p style=\"text-align: center;\"><span style=\"color: #0000ff;\"><strong>Bilder-Upload leicht gemacht!<\/strong><\/span><\/p>\n<ol>\n<li><strong>Sortieren sie Ihre Bilder:<\/strong> Sammeln\u00a0 Sie alle\u00a0 Bilder, die\u00a0 Sie \u00fcbertragen\u00a0 m\u00f6chten\u00a0 in\u00a0 einem\u00a0 gemeinsamen Ordner. Bei Nutzung\u00a0 eines Smartphones am besten \u00a0in\u00a0 der\u00a0 Galerie unter \u201eDatum\u201c, oder \u201eAlbum\u201c.<\/li>\n<li><strong>Benennen Sie die Bilder, deren Sinn und Zweck sich\u00a0 nicht von allein\u00a0 ergibt<\/strong>. So z.B. \u201e Winterfeste Lager-Box f\u00fcr \u00a0Gartenm\u00f6bel\u201c, \u00a0oder \u201eLadestromleiste f\u00fcr E-Fahrzeuge\u201c etc.<\/li>\n<li><strong>Das Bild, das Ihr Angebot am besten darstellt, \u00fcbermitteln\u00a0 Sie als Erstes. <\/strong><\/li>\n<li><strong>Nutzen Sie die paketweise Bilder-\u00dcbermittlung:<\/strong> Dieses Verfahren hat den\u00a0 Vorteil, dass Ihnen\u00a0 die Datenmenge eines jeden\u00a0 Bildes, jeweils direkt in MB angezeigt wird.\u00a0 So z.B. \u00a0<em>3,3 MB \u00a0<\/em>f\u00fcr Bild 1 und<em> 0,25 MB \u00a0<\/em>f\u00fcr Bild 2 usw.<\/li>\n<li><strong>Beachten Sie unbedingt den maximalen Gesamtwert von 30 MB f\u00fcr alle Bilder!: <\/strong>Dar\u00fcber hinaus blockieren\u00a0 mehrere Provider (<em>Firmen\u00a0 die E-Mails \u00fcbermitteln<\/em>) die Weiterleitung,\u00a0 aufgrund zu langer \u00dcbermittlungszeiten (<em> max. 200 sec<\/em>).<\/li>\n<\/ol>\n<p>[\/et_pb_text][et_pb_image src=&#8220;https:\/\/immo-maklerfrei-formulare.de\/wp-content\/uploads\/2023\/08\/copyright.jpg&#8220; title_text=&#8220;copyright&#8220; _builder_version=&#8220;4.20.2&#8243; _module_preset=&#8220;default&#8220; global_colors_info=&#8220;{}&#8220;][\/et_pb_image][et_pb_text _builder_version=&#8220;4.20.2&#8243; _module_preset=&#8220;default&#8220; background_color=&#8220;#7CDA24&#8243; custom_padding=&#8220;25px|20px|25px|20px|false|false&#8220; global_colors_info=&#8220;{}&#8220;]<\/p>\n<p style=\"text-align: center;\"><span style=\"color: #0000ff;\"><strong>Die Bilder\u00a0 sind\u00a0 zu\u00a0 gro\u00df,\u00a0 der\u00a0 Versand wird blockiert. Was\u00a0 muss ich\u00a0 tun?<\/strong><\/span><\/p>\n<p>Es gibt zwei M\u00f6glichkeiten:<\/p>\n<ol>\n<li>Die Bilder m\u00fcssen\u00a0 <strong>verkleinert<\/strong> (komprimiert) werden,\u00a0 oder<\/li>\n<\/ol>\n<ol start=\"2\">\n<li>Sie \u00fcbermitteln die Bilder <strong>nicht 10 St\u00fcck auf einmal<\/strong>, sondern in \u201e<strong>kleinen H\u00e4ppchen<\/strong>\u201c, deren Gesamtwert jeweils \u00a0nicht mehr\u00a0 als ca. <strong>25 MB<\/strong> Datenf\u00fclle ausweist. Sie nutzen das Formular einfach mehrmals hintereinander.<\/li>\n<\/ol>\n<p>Bei \u00dcbermittlung\u00a0 per handy, kann aber auch\u00a0 die <strong>25 MB-Grenze<\/strong> \u00a0noch\u00a0 viel zu hoch sein, falls die notwendigen \u00a0<strong>Empfangsm\u00f6glichkeiten, nur mangelhaft<\/strong> vorhanden\u00a0 sind. Dann hei\u00dft es eben \u201eSt\u00fcck f\u00fcr St\u00fcck\u201c\u2026<\/p>\n<p><strong>Unser Tipp:<\/strong> Die \u201e<strong>h\u00e4ppchenweise<\/strong>\u201c \u00dcbermittlung ist <strong>oft schneller getan<\/strong> als die vollst\u00e4ndige \u00dcbermittlung\u00a0 nach\u00a0 der Verkleinerung. Diese ist haupts\u00e4chlich\u00a0 von Nutzen, wenn mehrere Objekte bebildert werden\u00a0 m\u00fcssen.<\/p>\n<p>Die Vorgehensweise zu Punkt 1. entnehmen \u00a0Sie bitte unseren Beschreibungen\u00a0 unter \u201e<a href=\"https:\/\/immo-maklerfrei-formulare.de\/?page_id=2550\" target=\"_blank\" rel=\"noopener\"><span style=\"color: #8300e9;\"><strong>Bilder verkleinern PC<\/strong><\/span><\/a>\u201c oder \u201e<a href=\"https:\/\/immo-maklerfrei-formulare.de\/?page_id=2606\" target=\"_blank\" rel=\"noopener\"><span style=\"color: #0000ff;\"><strong>Bilder verkleinern handy<\/strong>\u201c.<\/span><\/a><\/p>\n<p>[\/et_pb_text][\/et_pb_column][et_pb_column type=&#8220;1_5&#8243; _builder_version=&#8220;4.20.2&#8243; _module_preset=&#8220;default&#8220; global_colors_info=&#8220;{}&#8220;][\/et_pb_column][\/et_pb_row][\/et_pb_section][et_pb_section fb_built=&#8220;1&#8243; _builder_version=&#8220;4.20.2&#8243; _module_preset=&#8220;default&#8220; global_colors_info=&#8220;{}&#8220;][et_pb_row _builder_version=&#8220;4.20.2&#8243; _module_preset=&#8220;default&#8220; global_colors_info=&#8220;{}&#8220;][et_pb_column type=&#8220;4_4&#8243; _builder_version=&#8220;4.20.2&#8243; _module_preset=&#8220;default&#8220; global_colors_info=&#8220;{}&#8220;][\/et_pb_column][\/et_pb_row][\/et_pb_section]<\/p>\n","protected":false},"excerpt":{"rendered":"<p>info zum Bilder-uploadBilder-Upload leicht gemacht! Sortieren sie Ihre Bilder: Sammeln\u00a0 Sie alle\u00a0 Bilder, die\u00a0 Sie \u00fcbertragen\u00a0 m\u00f6chten\u00a0 in\u00a0 einem\u00a0 gemeinsamen Ordner. Bei Nutzung\u00a0 eines Smartphones am besten \u00a0in\u00a0 der\u00a0 Galerie [&hellip;]<\/p>\n","protected":false},"author":1,"featured_media":0,"parent":0,"menu_order":0,"comment_status":"closed","ping_status":"closed","template":"","meta":{"_et_pb_use_builder":"on","_et_pb_old_content":"","_et_gb_content_width":"","_kadence_starter_templates_imported_post":false,"footnotes":""},"class_list":["post-2554","page","type-page","status-publish","hentry"],"_links":{"self":[{"href":"https:\/\/immo-maklerfrei-formulare.de\/index.php?rest_route=\/wp\/v2\/pages\/2554","targetHints":{"allow":["GET"]}}],"collection":[{"href":"https:\/\/immo-maklerfrei-formulare.de\/index.php?rest_route=\/wp\/v2\/pages"}],"about":[{"href":"https:\/\/immo-maklerfrei-formulare.de\/index.php?rest_route=\/wp\/v2\/types\/page"}],"author":[{"embeddable":true,"href":"https:\/\/immo-maklerfrei-formulare.de\/index.php?rest_route=\/wp\/v2\/users\/1"}],"replies":[{"embeddable":true,"href":"https:\/\/immo-maklerfrei-formulare.de\/index.php?rest_route=%2Fwp%2Fv2%2Fcomments&post=2554"}],"version-history":[{"count":44,"href":"https:\/\/immo-maklerfrei-formulare.de\/index.php?rest_route=\/wp\/v2\/pages\/2554\/revisions"}],"predecessor-version":[{"id":3338,"href":"https:\/\/immo-maklerfrei-formulare.de\/index.php?rest_route=\/wp\/v2\/pages\/2554\/revisions\/3338"}],"wp:attachment":[{"href":"https:\/\/immo-maklerfrei-formulare.de\/index.php?rest_route=%2Fwp%2Fv2%2Fmedia&parent=2554"}],"curies":[{"name":"wp","href":"https:\/\/api.w.org\/{rel}","templated":true}]}}