{"id":2216,"date":"2023-07-26T17:50:12","date_gmt":"2023-07-26T15:50:12","guid":{"rendered":"https:\/\/immo-maklerfrei-formulare.de\/?page_id=2216"},"modified":"2024-09-23T14:20:14","modified_gmt":"2024-09-23T12:20:14","slug":"agb","status":"publish","type":"page","link":"https:\/\/immo-maklerfrei-formulare.de\/?page_id=2216","title":{"rendered":"AGB"},"content":{"rendered":"<p>[et_pb_section fb_built=&#8220;1&#8243; _builder_version=&#8220;4.20.2&#8243; _module_preset=&#8220;default&#8220; background_image=&#8220;https:\/\/immo-maklerfrei-formulare.de\/wp-content\/uploads\/2023\/07\/agb_alles_bestens_2.jpg&#8220; height=&#8220;478px&#8220; global_colors_info=&#8220;{}&#8220;][et_pb_row _builder_version=&#8220;4.20.2&#8243; _module_preset=&#8220;default&#8220; global_colors_info=&#8220;{}&#8220;][et_pb_column type=&#8220;4_4&#8243; _builder_version=&#8220;4.20.2&#8243; _module_preset=&#8220;default&#8220; global_colors_info=&#8220;{}&#8220;][et_pb_image _builder_version=&#8220;4.20.2&#8243; _module_preset=&#8220;default&#8220; global_colors_info=&#8220;{}&#8220;][\/et_pb_image][\/et_pb_column][\/et_pb_row][\/et_pb_section][et_pb_section fb_built=&#8220;1&#8243; _builder_version=&#8220;4.20.2&#8243; _module_preset=&#8220;default&#8220; background_color=&#8220;#0C71C3&#8243; custom_padding=&#8220;||7px||false|false&#8220; global_colors_info=&#8220;{}&#8220;][et_pb_row column_structure=&#8220;1_4,1_2,1_4&#8243; _builder_version=&#8220;4.20.2&#8243; _module_preset=&#8220;default&#8220; background_color=&#8220;#000000&#8243; width=&#8220;100%&#8220; custom_margin=&#8220;-40px||||false|false&#8220; global_colors_info=&#8220;{}&#8220;][et_pb_column type=&#8220;1_4&#8243; _builder_version=&#8220;4.20.2&#8243; _module_preset=&#8220;default&#8220; global_colors_info=&#8220;{}&#8220;][\/et_pb_column][et_pb_column type=&#8220;1_2&#8243; _builder_version=&#8220;4.20.2&#8243; _module_preset=&#8220;default&#8220; global_colors_info=&#8220;{}&#8220;][et_pb_text _builder_version=&#8220;4.20.2&#8243; _module_preset=&#8220;default&#8220; text_font=&#8220;ABeeZee||||||||&#8220; text_text_color=&#8220;#FFFFFF&#8220; text_font_size=&#8220;24px&#8220; custom_padding=&#8220;4px|||||&#8220; global_colors_info=&#8220;{}&#8220;]<\/p>\n<p style=\"text-align: center;\">Unserer Allgemeinen Gesch\u00e4ftsbedingungen<\/p>\n<p>[\/et_pb_text][\/et_pb_column][et_pb_column type=&#8220;1_4&#8243; _builder_version=&#8220;4.20.2&#8243; _module_preset=&#8220;default&#8220; global_colors_info=&#8220;{}&#8220;][\/et_pb_column][\/et_pb_row][\/et_pb_section][et_pb_section fb_built=&#8220;1&#8243; _builder_version=&#8220;4.20.2&#8243; _module_preset=&#8220;default&#8220; background_color=&#8220;#E09900&#8243; custom_padding=&#8220;48px|||||&#8220; global_colors_info=&#8220;{}&#8220;][et_pb_row column_structure=&#8220;1_5,3_5,1_5&#8243; _builder_version=&#8220;4.20.2&#8243; _module_preset=&#8220;default&#8220; background_image=&#8220;https:\/\/immo-maklerfrei-formulare.de\/wp-content\/uploads\/2023\/07\/pexels-fwstudio-129731-scaled-e1688310554138.jpg&#8220; width=&#8220;89%&#8220; global_colors_info=&#8220;{}&#8220;][et_pb_column type=&#8220;1_5&#8243; _builder_version=&#8220;4.20.2&#8243; _module_preset=&#8220;default&#8220; global_colors_info=&#8220;{}&#8220;][\/et_pb_column][et_pb_column type=&#8220;3_5&#8243; _builder_version=&#8220;4.20.2&#8243; _module_preset=&#8220;default&#8220; global_colors_info=&#8220;{}&#8220;][et_pb_text _builder_version=&#8220;4.20.2&#8243; _module_preset=&#8220;default&#8220; background_color=&#8220;#FFFFFF&#8220; custom_margin=&#8220;0px|0px|0px|0px|false|false&#8220; custom_padding=&#8220;25px|25px|25px|25px|false|false&#8220; border_radii=&#8220;on|30px|30px|30px|30px&#8220; border_width_all=&#8220;4px&#8220; border_color_all=&#8220;#0C71C3&#8243; global_colors_info=&#8220;{}&#8220;]<\/p>\n<h4 style=\"text-align: center;\"><strong><span style=\"font-size: medium; color: #0c71c3;\">Allgemeine Gesch\u00e4ftsbedingungen<\/span><\/strong><\/h4>\n<h4 style=\"text-align: center;\"><strong><span style=\"font-size: medium; color: #0c71c3;\">der Fa. Tandem UG (haftungsbeschr\u00e4nkt), 73249 Wernau (Neckar)<\/span><\/strong><\/h4>\n<h4 style=\"text-align: center;\"><strong><span style=\"font-size: medium; color: #0c71c3;\">f\u00fcr den Gesch\u00e4ftsbereich\u00a0 &#8222;WEBsite-Inserate f\u00fcr den Immobilien-Markt&#8220;<\/span><\/strong><\/h4>\n<p style=\"text-align: center;\">g\u00fcltig\u00a0 f\u00fcr die Angebote\u00a0 (URL): <em>&#8222;immo-maklerfrei.de&#8220;,\u00a0 &#8222;immo-maklerfrei-formulare.de&#8220;,\u00a0 &#8222;immo-von-privat.de&#8220; und &#8222;immo-best-of.de&#8220;.<\/em><\/p>\n<p style=\"text-align: center;\">In der Folge gemeinsam mit <span style=\"color: #0c71c3;\"><strong>&#8222;immo-&#8230;&#8230;&#8220;<\/strong><\/span> benannt.<em><br \/><\/em><\/p>\n<p><em>Hinweis zur Genderung: Um die Lesbarkeit zu verbessern, wurde auf die Genderung verzichtet. Gleichwohl hat der Artikelbezug zu\u00a0 \u201em\/w\/d\u201c \u00a0immer gleichwertigen Rang. \u00a0<\/em><\/p>\n<p style=\"text-align: center;\">\u00a0<strong>1.0<\/strong><strong>\u00a0 Definition des\u00a0 Begriffes\u00a0 \u201cmaklerfrei\u201d<\/strong><\/p>\n<p>Diese\u00a0\u00a0 AGB\u00a0 regeln den\u00a0 Begriff &#8222;maklerfrei&#8220;,\u00a0 im\u00a0 Zusammenhang mit\u00a0\u00a0 einem\u00a0 Immobilien-Angebot,\u00a0 wie folgt: Gemeint ist stets\u00a0 die aufschlagsfreie \u00a0 Unterbreitung\u00a0\u00a0 ohne\u00a0 Vermittler mit\u00a0 Anspruch auf\u00a0\u00a0 kauf-,\u00a0 miet-,\u00a0 oder pachtpreisabh\u00e4ngigen Erfolgsprovision,\u00a0 oder aber sonstwie wie benannter\u00a0 Vermittlungskosten.<\/p>\n<p><em><\/em><\/p>\n<p>Ist dies gegeben, kann das\u00a0 Angebot auch von Organisationen, \u00f6ffentlichen Institutionen\u00a0 oder sonstigen Teilnehmern am Immobilienmarkt\u00a0 \u00fcber immo-maklerfrei.de unterbreitet\u00a0 werden.<\/p>\n<p style=\"text-align: center;\"><strong>2.0\u00a0<\/strong> <strong>Das Angebot ist frei.<\/strong><strong>\u00a0 <\/strong><\/p>\n<p>Insoweit nicht nach\u00a0 2.1. eingeschr\u00e4nkt, muss das Angebot frei und kostenfrei, gepr\u00fcft und angenommen\u00a0 werden\u00a0 k\u00f6nnen. Das kostenpflichtige zusenden von Informationsmaterial, eine etwa zwingende Mitgliedschaft\u00a0 in einer\u00a0 wie auch immer bezeichneten Vereinigung\u00a0 k\u00f6rperlicher\u00a0 oder\u00a0 rechtlicher\u00a0 Art, sowie die Vor- oder Zwischenschaltung\u00a0 kostenpflichtiger\u00a0 Telefon-Nummern,\u00a0\u00a0 ist\u00a0 verboten.<\/p>\n<p style=\"text-align: center;\"><strong>2.1<\/strong>\u00a0 <strong>Einschr\u00e4nkung der Angebotsfreiheit<\/strong><\/p>\n<p style=\"text-align: left;\">Dem Anbieter steht\u00a0 aber\u00a0 in jedem\u00a0 Falle\u00a0 das Recht zu,\u00a0 ein \u00fcber die Pr\u00fcfung der ver\u00f6ffentlichten\u00a0 Angaben hinausgehendes\u00a0 Pr\u00fcfungsverlangen,\u00a0 zu verwehren,\u00a0 wenn er\u00a0 dies\u00a0 aus\u00a0 pers\u00f6nlichen, technischen, \u00a0oder sonstigen\u00a0 Gr\u00fcnden,\u00a0 f\u00fcr\u00a0 geboten h\u00e4lt.\u00a0 Eine Pflicht zur Erl\u00e4uterung\u00a0 besteht\u00a0 nicht.<br \/>Die Aufhebung dieses Verwehrens,\u00a0 darf an Auflagen\u00a0 gekoppelt\u00a0 werden,\u00a0 wenn diese\u00a0\u00a0\u00a0\u00a0 inhaltlich,\u00a0 den\u00a0 Ausf\u00fchrungen\u00a0\u00a0\u00a0 nach\u00a0\u00a0\u00a0 2.0.\u00a0 gen\u00fcgen.<\/p>\n<p style=\"text-align: center;\"><strong>3.0<\/strong><strong>\u00a0\u00a0 <\/strong><strong>Zusicherung\u00a0\u00a0 der\u00a0 Wahrheitsm\u00e4\u00dfigkeit\u00a0\u00a0des\u00a0\u00a0Angebotes<\/strong><strong>\u00a0\u00a0\u00a0\u00a0\u00a0\u00a0\u00a0\u00a0 <br \/><\/strong><\/p>\n<p>Anbieter sichert die Rechtm\u00e4\u00dfigkeit des\u00a0 Angebotes, sowie\u00a0 eine ordentliche\u00a0 und wahrheitsgem\u00e4\u00dfe\u00a0 Bearbeitung,\u00a0\u00a0 aller\u00a0\u00a0 zur\u00a0 Ver\u00f6ffentlichung bestimmten\u00a0 Angaben,\u00a0\u00a0 zu.\u00a0\u00a0 Vors\u00e4tzliche,\u00a0 grobe\u00a0 Fehlangaben\u00a0\u00a0 hinsichtlich\u00a0 Nutzung,\u00a0 Wert\u00a0 oder\u00a0 Verf\u00fcgbarkeit, sowie Verschleierung und Lockvogelangebote ) sind verboten.<strong>\u00a0\u00a0\u00a0\u00a0\u00a0\u00a0\u00a0\u00a0\u00a0\u00a0 <br \/><\/strong><\/p>\n<p style=\"text-align: center;\"><strong>3.1<\/strong><strong>\u00a0\u00a0<\/strong><strong> Zusicherung der Rechtm\u00e4\u00dfigkeit zur\u00a0\u00a0Ver\u00f6ffentlichung beigef\u00fcgter\u00a0 Bilder<\/strong><strong>\u00a0\u00a0\u00a0\u00a0\u00a0\u00a0\u00a0\u00a0\u00a0\u00a0\u00a0\u00a0\u00a0\u00a0<\/strong><\/p>\n<p>Der\u00a0 Anbieter\u00a0 sichert die pers\u00f6nlichen, oder\u00a0 ihm \u00fcbertragenen\u00a0 Rechte,\u00a0 zur Ver\u00f6ffentlichung\u00a0 angef\u00fcgter Bilder zu.\u00a0<\/p>\n<p style=\"text-align: center;\"><strong>4.0<\/strong><strong>\u00a0\u00a0 <\/strong><strong>Ver\u00f6ffentlichung des\u00a0 Angebotes\u00a0 bei\u00a0 immo-von-maklerfrei.de<\/strong><strong>\u00a0\u00a0\u00a0\u00a0\u00a0\u00a0\u00a0\u00a0\u00a0\u00a0\u00a0\u00a0\u00a0\u00a0<\/strong><\/p>\n<p>Jede Bestellung\u00a0 bedarf der\u00a0 Annahme durch\u00a0 immo-maklerfrei.de.\u00a0 Ist\u00a0\u00a0 diese gegeben, wird das Angebot binnen 4 Werktagen nach Eingang der\u00a0 Bestellung,\u00a0 ver\u00f6ffentlicht.\u00a0 Die zugeteilte Objekt-ID\u00a0\u00a0\u00a0 wird zeitgleich\u00a0 per e-mail\u00a0 an\u00a0 den\u00a0 Besteller\u00a0 \u00fcbermittelt.<\/p>\n<p style=\"text-align: center;\"><strong>4.1<\/strong><strong>\u00a0\u00a0 <\/strong><strong>Hinderungsgr\u00fcnde f\u00fcr\u00a0 eine Ver\u00f6ffentlichung bei immo-maklerfrei.de<\/strong><strong>\u00a0\u00a0\u00a0\u00a0\u00a0\u00a0\u00a0\u00a0\u00a0\u00a0\u00a0\u00a0\u00a0\u00a0<\/strong><\/p>\n<p>Verst\u00f6\u00dft der\u00a0 Inhalt gegen geltendes\u00a0 Recht,\u00a0 oder\u00a0 aber\u00a0 ist\u00a0 dieser\u00a0 sittenwidrig,\u00a0 wird\u00a0 von einer\u00a0 Ver\u00f6ffentlichung\u00a0\u00a0 abgesehen.\u00a0 Der\u00a0 Besteller\u00a0 wird kurzfristig per E-Mail\u00a0 \u00fcber\u00a0 den\u00a0 Hinderungsgrund benachrichtigt\u00a0 und\u00a0 um Unterlassung\u00a0 oder\u00a0 Korrektur\u00a0 gebeten.\u00a0\u00a0 F\u00fchrt diese zur Hinf\u00e4lligkeit des Hinderungsgrundes,\u00a0\u00a0 wird das Angebot Wie \u00fcblich, binnen\u00a0 4 Werktagen ver\u00f6ffentlicht.<\/p>\n<p style=\"text-align: center;\">\u00a0<strong>5.0<\/strong><strong>\u00a0<\/strong><strong>Haftung\u00a0 von immo-von-privat.de<\/strong><\/p>\n<p style=\"text-align: center;\"><strong><\/strong><strong>Der\u00a0\u00a0 Anbieter\u00a0 ist allein\u00a0 verantwortlich\u00a0 f\u00fcr die\u00a0 Richtigkeit der\u00a0 an\u00a0 immo&#8230;.\u00a0 \u00fcbermittelten\u00a0 Daten.\u00a0\u00a0 Grunds\u00e4tzlich\u00a0 steht\u00a0 das\u00a0 Angebot\u00a0 dem\u00a0\u00a0Markt,\u00a0 wie von diesem beschrieben\u00a0\u00a0und bebildert,\u00a0 zur\u00a0 Verf\u00fcgung.<\/strong><\/p>\n<p>Immo-maklerfrei.de \u00a0haftet\u00a0\u00a0 im Zuge der Leistungserbringung\u00a0 grunds\u00e4tzlich f\u00fcr alle F\u00e4lle\u00a0 von\u00a0 leichter und grober\u00a0 Fahrl\u00e4ssigkeit,\u00a0\u00a0sowie\u00a0 \u00a0der\u00a0 Verletzung\u00a0 wesentlicher\u00a0 Vertragspflichten, soweit diese dem Auftragsnehmer \u00a0im Vergleich mit der\u00a0 Auftragsbeschreibung, zuzuschreiben\u00a0 sind.<\/p>\n<p>Als Regulierungs-H\u00f6chstwert, gilt eine Summe von max. \u20ac 1.000.- (eintausend), als vereinbart. M\u00e4ngel seitens Dritter, verursacht durch\u00a0 Hacker, Feuer, Witterung, Ausfall der\u00a0 Server\u00a0 beim Hoster etc., regeln\u00a0 die jeweils zust\u00e4ndigen\u00a0 Versicherungen.<\/p>\n<p style=\"text-align: center;\"><strong>5.1<\/strong><strong>\u00a0 <\/strong><strong>M\u00e4ngelr\u00fcge <em>(Anzeige des Mangels)<\/em>\u00a0 und Nacherf\u00fcllung <em>(Behebung des angezeigten Mangels)<\/em><\/strong><strong>\u00a0\u00a0\u00a0\u00a0\u00a0\u00a0\u00a0\u00a0\u00a0\u00a0\u00a0\u00a0\u00a0\u00a0<\/strong><\/p>\n<p>Generell beschr\u00e4nkt\u00a0 sich die erste M\u00e4ngelr\u00fcge\u00a0\u00a0 zun\u00e4chst auf\u00a0 Nacherf\u00fcllung gem\u00e4\u00df \u00a7 635 BGB.<\/p>\n<p>Der Besteller (Anbieter) r\u00e4umt\u00a0 immo-maklerfrei.de das\u00a0 Recht\u00a0auf eine 2-werkt\u00e4gige Nacherf\u00fcllungsfrist, beginnend\u00a0 ab\u00a0 Anzeige des Mangels\u00a0 ein.\u00a0\u00a0\u00a0 Die M\u00e4ngelr\u00fcge kann per vorgefertigtem Formular per E-mail,\u00a0 Telefon\u00a0 oder\u00a0\u00a0 auch\u00a0 per Post erfolgen.\u00a0 Kontaktdaten siehe \u201cImpressum\u201d.<\/p>\n<p>\u00a0Schl\u00e4gt die Nacherf\u00fcllung\u00a0\u00a0 fehl, kann der\u00a0 Besteller das\u00a0 Vertragsverh\u00e4ltnis l\u00f6sen,\u00a0 eine in etwa bereits\u00a0 erbrachte geldwerte Leistung ganz\u00a0 oder teilweise zur\u00fcckfordern\u00a0 und Schadenersatz\u00a0 verlangen. Ma\u00dfgebend sind hier die Bestimmungen des BGB \u00a7 634 Absatz 3 und 4.<\/p>\n<p style=\"text-align: center;\"><strong>6.0<\/strong><strong>\u00a0 <\/strong><strong>Datenschutz<\/strong><\/p>\n<p><strong>Die seit\u00a0 25.05.2018 neu geregelten\u00a0 Datenschutzbestimmungen (DGSVO) wurden\u00a0 aus Gr\u00fcnden\u00a0 der\u00a0 \u00dcbersichtlichkeit\u00a0 aus diesen\u00a0 AGB\u00a0 herausgenommen.\u00a0 Unsere diesbez\u00fcgliche Erkl\u00e4rung\u00a0 steht \u00a0 Ihnen auf\u00a0 der\u00a0 Seite\u00a0 <a href=\"https:\/\/immo-von-privat.de\/Rechtl-Hinweise\/Datenschutzerklaerung\/\">Datenschutzerkl\u00e4rung\u00a0<\/a> separat zur\u00a0 verf\u00fcgung. <\/strong><\/p>\n<p style=\"text-align: center;\"><strong>7.0<\/strong><strong>\u00a0\u00a0 <\/strong><strong>Widerrufsbelehrung\u00a0 \u00fcber die Annahme dieser Vertragserkl\u00e4rung (AGB) <\/strong><strong>oder\/und\u00a0 f\u00fcr den Widerruf\u00a0 Ihrer Bestellung<\/strong><\/p>\n<p>Sie k\u00f6nnen Ihre Annahme\u00a0 dieser\u00a0 Vertragserkl\u00e4rung innerhalb 14 Tagen ohne Angabe von Gr\u00fcnden in Textform, per \u201eWiderrufs-Formular\u201c, oder per \u00a0E-Mail, \u00a0widerrufen.\u00a0 Gleiches gilt\u00a0 f\u00fcr den Widerruf \u00a0Ihrer\u00a0 Bestellung. Die Frist beginnt mit Erhalt Ihrer Bestellbest\u00e4tigung. In der\u00a0 Regel direkt nach\u00a0 Absendung des Bestellformulars.<\/p>\n<p>Der Widerruf ist zu richten an:<\/p>\n<p>TANDEM Internetdienste UG (haftungsbeschr\u00e4nkt)<br \/>immo-maklerfrei.de<br \/>Kirchheimer Stra\u00dfee 37<br \/>73249 Wernau (Neckar)<\/p>\n<p>E-mail: tandem-ug@t-online.de<br \/>Fon: 07153 \/ 6 14 91 50<br \/>Fax: 07153 \/ 3 64 00<\/p>\n<p style=\"text-align: center;\"><strong>7.1 Widerrufsfolgen<\/strong><\/p>\n<p>Die Ver\u00f6ffentlichung\u00a0 Werbe-Anzeige wird eingestellt,\u00a0 in etwa bereits get\u00e4tigte\u00a0 Zahlungen\u00a0 werden\u00a0 zur\u00fcck erstattet.\u00a0\u00a0 Kosten\u00a0 irgendwelcher\u00a0 Art entstehen dem Widerrufenden nicht.<\/p>\n<p><em>Ende der Widerrufsbelehrung.<\/em><\/p>\n<p style=\"text-align: center;\"><strong>8.0\u00a0 Schlu\u00dfbemerkungen<\/strong><\/p>\n<p>Diese\u00a0 AGB,\u00a0\u00a0\u00a0 k\u00f6nnen\u00a0 jederzeit\u00a0 und\u00a0 ohne\u00a0 Nennung\u00a0\u00a0 von\u00a0 Gr\u00fcnden\u00a0 ge\u00e4ndert\u00a0 werden.\u00a0 Die\u00a0 \u00c4nderungen\u00a0 werden\u00a0 erfassten Anbietern\u00a0 ca.\u00a02\u00a0Wochen\u00a0vor\u00a0\u00c4nderung\u00a0per\u00a0 E-mail\u00a0 \u00fcbermittelt.\u00a0 Im\u00a0 Falle\u00a0 er\u00a0 Nichtzustimmung\u00a0 kann\u00a0 die L\u00f6schung\u00a0 des\u00a0 Datenbestandes durch\u00a0 einfache R\u00fcck-mail mit\u00a0 sofortiger\u00a0 Wirkung veranlasst\u00a0 werden. Die\u00a0 L\u00f6schung\u00a0\u00a0 wird\u00a0 in\u00a0 diesem\u00a0 Falle\u00a0 umgehend\u00a0\u00a0 wieder\u00a0 per\u00a0 E-mail,\u00a0\u00a0 best\u00e4tigt.<\/p>\n<p style=\"text-align: center;\">\u00a0<strong>8.1 M\u00fcndliche Vereinbarungen<\/strong><\/p>\n<p>M\u00fcndliche\u00a0 Nebenabreden\u00a0 wurden\u00a0 nicht\u00a0 getroffen.<\/p>\n<p style=\"text-align: center;\"><strong>7.2 Gerichtsstand\u00a0 f\u00fcr\u00a0 Vollkaufleute<\/strong><\/p>\n<p>Es\u00a0 gelten in jedem\u00a0 Falle\u00a0 deutsches\u00a0 Recht\u00a0 und als\u00a0 Gerichtsstand\u00a0 Stuttgart ,\u00a0 soweit der Besteller (Anbieter) Kaufmann im\u00a0 Sinne\u00a0 des \u00a7 38 ZPO ist,\u00a0\u00a0\u00a0 als\u00a0 vereinbart.<\/p>\n<p>Stand:\u00a0 April 2024<\/p>\n<p><em>Ende der AGB <\/em><\/p>\n<p>&nbsp;<\/p>\n<h3 style=\"text-align: center;\"><span style=\"font-family: 'Times New Roman', Times, serif; color: #0094d8; font-size: 16px;\">\u00a0<\/span><em><span style=\"color: #000000;\"><\/span><\/em><\/h3>\n<p>[\/et_pb_text][\/et_pb_column][et_pb_column type=&#8220;1_5&#8243; _builder_version=&#8220;4.20.2&#8243; _module_preset=&#8220;default&#8220; global_colors_info=&#8220;{}&#8220;][\/et_pb_column][\/et_pb_row][\/et_pb_section]<\/p>\n","protected":false},"excerpt":{"rendered":"<p>Unserer Allgemeinen Gesch\u00e4ftsbedingungenAllgemeine Gesch\u00e4ftsbedingungen der Fa. Tandem UG (haftungsbeschr\u00e4nkt), 73249 Wernau (Neckar) f\u00fcr den Gesch\u00e4ftsbereich\u00a0 &#8222;WEBsite-Inserate f\u00fcr den Immobilien-Markt&#8220; g\u00fcltig\u00a0 f\u00fcr die Angebote\u00a0 (URL): &#8222;immo-maklerfrei.de&#8220;,\u00a0 &#8222;immo-maklerfrei-formulare.de&#8220;,\u00a0 &#8222;immo-von-privat.de&#8220; und &#8222;immo-best-of.de&#8220;. In [&hellip;]<\/p>\n","protected":false},"author":1,"featured_media":0,"parent":0,"menu_order":0,"comment_status":"closed","ping_status":"closed","template":"","meta":{"_et_pb_use_builder":"on","_et_pb_old_content":"","_et_gb_content_width":"","_kadence_starter_templates_imported_post":false,"footnotes":""},"class_list":["post-2216","page","type-page","status-publish","hentry"],"_links":{"self":[{"href":"https:\/\/immo-maklerfrei-formulare.de\/index.php?rest_route=\/wp\/v2\/pages\/2216","targetHints":{"allow":["GET"]}}],"collection":[{"href":"https:\/\/immo-maklerfrei-formulare.de\/index.php?rest_route=\/wp\/v2\/pages"}],"about":[{"href":"https:\/\/immo-maklerfrei-formulare.de\/index.php?rest_route=\/wp\/v2\/types\/page"}],"author":[{"embeddable":true,"href":"https:\/\/immo-maklerfrei-formulare.de\/index.php?rest_route=\/wp\/v2\/users\/1"}],"replies":[{"embeddable":true,"href":"https:\/\/immo-maklerfrei-formulare.de\/index.php?rest_route=%2Fwp%2Fv2%2Fcomments&post=2216"}],"version-history":[{"count":32,"href":"https:\/\/immo-maklerfrei-formulare.de\/index.php?rest_route=\/wp\/v2\/pages\/2216\/revisions"}],"predecessor-version":[{"id":3680,"href":"https:\/\/immo-maklerfrei-formulare.de\/index.php?rest_route=\/wp\/v2\/pages\/2216\/revisions\/3680"}],"wp:attachment":[{"href":"https:\/\/immo-maklerfrei-formulare.de\/index.php?rest_route=%2Fwp%2Fv2%2Fmedia&parent=2216"}],"curies":[{"name":"wp","href":"https:\/\/api.w.org\/{rel}","templated":true}]}}