{"id":2149,"date":"2023-07-24T14:46:35","date_gmt":"2023-07-24T12:46:35","guid":{"rendered":"https:\/\/immo-maklerfrei-formulare.de\/?page_id=2149"},"modified":"2024-03-10T19:47:42","modified_gmt":"2024-03-10T17:47:42","slug":"startseite_2-2","status":"publish","type":"page","link":"https:\/\/immo-maklerfrei-formulare.de\/?page_id=2149","title":{"rendered":"K\u00fcndigung"},"content":{"rendered":"<p>[et_pb_section fb_built=&#8220;1&#8243; _builder_version=&#8220;4.20.2&#8243; _module_preset=&#8220;default&#8220; background_image=&#8220;https:\/\/immo-maklerfrei-formulare.de\/wp-content\/uploads\/2023\/07\/handschlag_positiv.jpg&#8220; height=&#8220;463px&#8220; global_colors_info=&#8220;{}&#8220;][et_pb_row _builder_version=&#8220;4.20.2&#8243; _module_preset=&#8220;default&#8220; global_colors_info=&#8220;{}&#8220;][et_pb_column type=&#8220;4_4&#8243; _builder_version=&#8220;4.20.2&#8243; _module_preset=&#8220;default&#8220; global_colors_info=&#8220;{}&#8220;][et_pb_image _builder_version=&#8220;4.20.2&#8243; _module_preset=&#8220;default&#8220; global_colors_info=&#8220;{}&#8220;][\/et_pb_image][\/et_pb_column][\/et_pb_row][\/et_pb_section][et_pb_section fb_built=&#8220;1&#8243; _builder_version=&#8220;4.20.2&#8243; _module_preset=&#8220;default&#8220; background_color=&#8220;#0C71C3&#8243; global_colors_info=&#8220;{}&#8220;][et_pb_row column_structure=&#8220;1_4,1_2,1_4&#8243; _builder_version=&#8220;4.20.2&#8243; _module_preset=&#8220;default&#8220; background_color=&#8220;#000000&#8243; background_enable_image=&#8220;off&#8220; width=&#8220;100%&#8220; height=&#8220;102px&#8220; custom_margin=&#8220;-38px||-38px||false|false&#8220; global_colors_info=&#8220;{}&#8220;][et_pb_column type=&#8220;1_4&#8243; _builder_version=&#8220;4.20.2&#8243; _module_preset=&#8220;default&#8220; global_colors_info=&#8220;{}&#8220;][\/et_pb_column][et_pb_column type=&#8220;1_2&#8243; _builder_version=&#8220;4.20.2&#8243; _module_preset=&#8220;default&#8220; global_colors_info=&#8220;{}&#8220;][et_pb_text _builder_version=&#8220;4.20.2&#8243; _module_preset=&#8220;default&#8220; text_font=&#8220;Amiko||||||||&#8220; text_text_color=&#8220;#FFFFFF&#8220; text_font_size=&#8220;21px&#8220; global_colors_info=&#8220;{}&#8220;]<\/p>\n<p style=\"text-align: center;\">\u00a0Alles gut? Ok, dann weiterhin: &#8222;ALLES GUTE&#8220;!<\/p>\n<p>[\/et_pb_text][\/et_pb_column][et_pb_column type=&#8220;1_4&#8243; _builder_version=&#8220;4.20.2&#8243; _module_preset=&#8220;default&#8220; global_colors_info=&#8220;{}&#8220;][\/et_pb_column][\/et_pb_row][\/et_pb_section][et_pb_section fb_built=&#8220;1&#8243; _builder_version=&#8220;4.20.2&#8243; _module_preset=&#8220;default&#8220; background_color=&#8220;#E09900&#8243; global_colors_info=&#8220;{}&#8220;][et_pb_row column_structure=&#8220;1_4,1_2,1_4&#8243; _builder_version=&#8220;4.20.2&#8243; _module_preset=&#8220;default&#8220; background_image=&#8220;https:\/\/immo-maklerfrei-formulare.de\/wp-content\/uploads\/2023\/08\/pexels-katie-rainbow-\ud83c\udff3\ufe0f_\ud83c\udf08-8659225-scaled.jpg&#8220; global_colors_info=&#8220;{}&#8220;][et_pb_column type=&#8220;1_4&#8243; _builder_version=&#8220;4.20.2&#8243; _module_preset=&#8220;default&#8220; global_colors_info=&#8220;{}&#8220;][\/et_pb_column][et_pb_column type=&#8220;1_2&#8243; _builder_version=&#8220;4.20.2&#8243; _module_preset=&#8220;default&#8220; global_colors_info=&#8220;{}&#8220;][et_pb_code _builder_version=&#8220;4.20.2&#8243; _module_preset=&#8220;default&#8220; background_color=&#8220;#7CDA24&#8243; custom_margin=&#8220;25px||25px||false|false&#8220; custom_padding=&#8220;25px|25px|25px|25px|false|false&#8220; global_colors_info=&#8220;{}&#8220;]<div class=\"wpforms-container wpforms-container-full wpforms-render-modern\" id=\"wpforms-2428\"><form id=\"wpforms-form-2428\" class=\"wpforms-validate wpforms-form\" data-formid=\"2428\" method=\"post\" enctype=\"multipart\/form-data\" action=\"\/index.php?rest_route=%2Fwp%2Fv2%2Fpages%2F2149\" data-token=\"5cd9c4891ac15f1c0f3b719654163e55\"><noscript class=\"wpforms-error-noscript\">Please enable JavaScript in your browser to complete this form.<\/noscript><div class=\"wpforms-hidden\" id=\"wpforms-error-noscript\">Please enable JavaScript in your browser to complete this form.<\/div><div class=\"wpforms-field-container\"><div id=\"wpforms-2428-field_2-container\" class=\"wpforms-field wpforms-field-content\" data-field-id=\"2\"><div id=\"wpforms-2428-field_2\" class=\"wpforms-field-large wpforms-field-row\" name=\"wpforms[fields][2]\" aria-errormessage=\"wpforms-2428-field_2-error\"><h6 style=\"text-align: center\"><span style=\"color: #0000ff\">K\u00fcndigung&nbsp; einer Anzeigenver\u00f6ffentlichung<\/span><\/h6>\n<p style=\"text-align: center\">Mit diesem Formular heben Sie die Rest-Laufzeit best\u00e4tigter&nbsp; Ver\u00f6ffentlichungen auf. Eine Begr\u00fcndung ist nicht erforderlich. Die&nbsp; Angabe der betreffenden Immo-ID in Verbindung&nbsp; mit Ihrer Kundennummer, gen\u00fcgt. Auch&nbsp; k\u00f6nnen&nbsp; Sie gleich&nbsp; mehrere K\u00fcndigungen auf&nbsp; einmal erwirken. Pr\u00fcfen Sie Ihre K\u00fcndigung(en) <strong>SORGF\u00c4LTIG. Alle&nbsp; Angaben&nbsp; werden&nbsp; binnen&nbsp; 4 Werktagen&nbsp; gel\u00f6scht und k\u00f6nnen&nbsp; nicht&nbsp; wieder&nbsp; hergestellt&nbsp; werden!&nbsp;<\/strong> Die L\u00f6schung&nbsp; wird Ihnen unmittelbar per E-Mail best\u00e4tigt.<\/p>\n<p style=\"text-align: center\">F\u00fcr Ihr Vertrauen&nbsp; und die angenehme Zusammenarbeit mit Ihnen<\/p>\n<p style=\"text-align: center\">unseren herzlichen Dank!<\/p>\n<div class=\"wpforms-field-content-display-frontend-clear\"><\/div><\/div><\/div><div id=\"wpforms-2428-field_4-container\" class=\"wpforms-field wpforms-field-textarea\" data-field-id=\"4\"><label class=\"wpforms-field-label\" for=\"wpforms-2428-field_4\">Anzeigenk\u00fcndigung <span class=\"wpforms-required-label\" aria-hidden=\"true\">*<\/span><\/label><textarea id=\"wpforms-2428-field_4\" class=\"wpforms-field-medium wpforms-field-required wpforms-limit-characters-enabled\" data-form-id=\"2428\" data-field-id=\"4\" data-text-limit=\"1500\" name=\"wpforms[fields][4]\" placeholder=\"Geben  Sie hier die  immo-ID der zu l\u00f6schenden Ver\u00f6ffentlichung(en) an. \" aria-errormessage=\"wpforms-2428-field_4-error\" aria-describedby=\"wpforms-2428-field_4-description\" maxlength=\"1500\" required><\/textarea><div id=\"wpforms-2428-field_4-description\" class=\"wpforms-field-description\">Hiermit bitte ich, die per immo-ID benannte(n) Ver\u00f6ffentlichung(en),  mit   sofortiger  Wirkung einzustellen.<\/div><\/div><div id=\"wpforms-2428-field_12-container\" class=\"wpforms-field wpforms-field-text\" data-field-id=\"12\"><label class=\"wpforms-field-label\" for=\"wpforms-2428-field_12\">Kunden-Nr. <span class=\"wpforms-required-label\" aria-hidden=\"true\">*<\/span><\/label><input type=\"text\" id=\"wpforms-2428-field_12\" class=\"wpforms-field-small wpforms-field-required\" name=\"wpforms[fields][12]\" aria-errormessage=\"wpforms-2428-field_12-error\" required><\/div><div id=\"wpforms-2428-field_11-container\" class=\"wpforms-field wpforms-field-text\" data-field-id=\"11\"><label class=\"wpforms-field-label\" for=\"wpforms-2428-field_11\">Name \/ Vorname <span class=\"wpforms-required-label\" aria-hidden=\"true\">*<\/span><\/label><input type=\"text\" id=\"wpforms-2428-field_11\" class=\"wpforms-field-large wpforms-field-required\" name=\"wpforms[fields][11]\" aria-errormessage=\"wpforms-2428-field_11-error\" required><\/div><div id=\"wpforms-2428-field_13-container\" class=\"wpforms-field wpforms-field-text\" data-field-id=\"13\"><label class=\"wpforms-field-label\" for=\"wpforms-2428-field_13\">Zusatz  (Fa., Verein, etc.)<\/label><input type=\"text\" id=\"wpforms-2428-field_13\" class=\"wpforms-field-large\" name=\"wpforms[fields][13]\" aria-errormessage=\"wpforms-2428-field_13-error\" ><\/div><div id=\"wpforms-2428-field_15-container\" class=\"wpforms-field wpforms-field-layout\" data-field-id=\"15\"><label class=\"wpforms-field-label wpforms-label-hide\" for=\"wpforms-2428-field_15\" aria-hidden=\"false\">Layout<\/label><div class=\"wpforms-field-layout-columns wpforms-field-layout-preset-50-50\"><div class=\"wpforms-layout-column wpforms-layout-column-50\"><div id=\"wpforms-2428-field_16-container\" class=\"wpforms-field wpforms-field-phone\" data-field-id=\"16\"><label class=\"wpforms-field-label\" for=\"wpforms-2428-field_16\">Telefon <span class=\"wpforms-required-label\" aria-hidden=\"true\">*<\/span><\/label><input type=\"tel\" id=\"wpforms-2428-field_16\" class=\"wpforms-field-medium wpforms-field-required wpforms-smart-phone-field\" data-rule-smart-phone-field=\"true\" name=\"wpforms[fields][16]\" aria-errormessage=\"wpforms-2428-field_16-error\" required><\/div><\/div><div class=\"wpforms-layout-column wpforms-layout-column-50\"><div id=\"wpforms-2428-field_17-container\" class=\"wpforms-field wpforms-field-email\" data-field-id=\"17\"><label class=\"wpforms-field-label\" for=\"wpforms-2428-field_17\">Email <span class=\"wpforms-required-label\" aria-hidden=\"true\">*<\/span><\/label><input type=\"email\" id=\"wpforms-2428-field_17\" class=\"wpforms-field-medium wpforms-field-required\" name=\"wpforms[fields][17]\" spellcheck=\"false\" aria-errormessage=\"wpforms-2428-field_17-error\" required><\/div><\/div><\/div><\/div><\/div><!-- .wpforms-field-container --><div class=\"wpforms-submit-container\" ><input type=\"hidden\" name=\"wpforms[id]\" value=\"2428\"><input type=\"hidden\" name=\"wpforms[author]\" value=\"1\"><button type=\"submit\" name=\"wpforms[submit]\" id=\"wpforms-submit-2428\" class=\"wpforms-submit\" data-alt-text=\"Absenden\" data-submit-text=\"Absenden\" aria-live=\"assertive\" value=\"wpforms-submit\">Absenden<\/button><\/div><\/form><\/div>  <!-- .wpforms-container -->[\/et_pb_code][\/et_pb_column][et_pb_column type=&#8220;1_4&#8243; _builder_version=&#8220;4.20.2&#8243; _module_preset=&#8220;default&#8220; global_colors_info=&#8220;{}&#8220;][\/et_pb_column][\/et_pb_row][\/et_pb_section]<\/p>\n","protected":false},"excerpt":{"rendered":"<p>\u00a0Alles gut? Ok, dann weiterhin: &#8222;ALLES GUTE&#8220;!<div class=\"wpforms-container wpforms-container-full wpforms-render-modern\" id=\"wpforms-2428\"><form id=\"wpforms-form-2428\" class=\"wpforms-validate wpforms-form\" data-formid=\"2428\" method=\"post\" enctype=\"multipart\/form-data\" action=\"\/index.php?rest_route=%2Fwp%2Fv2%2Fpages%2F2149\" data-token=\"5cd9c4891ac15f1c0f3b719654163e55\"><noscript class=\"wpforms-error-noscript\">Please enable JavaScript in your browser to complete this form.<\/noscript><div class=\"wpforms-hidden\" id=\"wpforms-error-noscript\">Please enable JavaScript in your browser to complete this form.<\/div><div class=\"wpforms-field-container\"><div id=\"wpforms-2428-field_2-container\" class=\"wpforms-field wpforms-field-content\" data-field-id=\"2\"><div id=\"wpforms-2428-field_2\" class=\"wpforms-field-large wpforms-field-row\" name=\"wpforms[fields][2]\" aria-errormessage=\"wpforms-2428-field_2-error\"><h6 style=\"text-align: center\"><span style=\"color: #0000ff\">K\u00fcndigung&nbsp; einer Anzeigenver\u00f6ffentlichung<\/span><\/h6>\n<p style=\"text-align: center\">Mit diesem Formular heben Sie die Rest-Laufzeit best\u00e4tigter&nbsp; Ver\u00f6ffentlichungen auf. Eine Begr\u00fcndung ist nicht erforderlich. Die&nbsp; Angabe der betreffenden Immo-ID in Verbindung&nbsp; mit Ihrer Kundennummer, gen\u00fcgt. Auch&nbsp; k\u00f6nnen&nbsp; Sie gleich&nbsp; mehrere K\u00fcndigungen auf&nbsp; einmal erwirken. Pr\u00fcfen Sie Ihre K\u00fcndigung(en) <strong>SORGF\u00c4LTIG. Alle&nbsp; Angaben&nbsp; werden&nbsp; binnen&nbsp; 4 Werktagen&nbsp; gel\u00f6scht und k\u00f6nnen&nbsp; nicht&nbsp; wieder&nbsp; hergestellt&nbsp; werden!&nbsp;<\/strong> Die L\u00f6schung&nbsp; wird Ihnen unmittelbar per E-Mail best\u00e4tigt.<\/p>\n<p style=\"text-align: center\">F\u00fcr Ihr Vertrauen&nbsp; und die angenehme Zusammenarbeit mit Ihnen<\/p>\n<p style=\"text-align: center\">unseren herzlichen Dank!<\/p>\n<div class=\"wpforms-field-content-display-frontend-clear\"><\/div><\/div><\/div><div id=\"wpforms-2428-field_4-container\" class=\"wpforms-field wpforms-field-textarea\" data-field-id=\"4\"><label class=\"wpforms-field-label\" for=\"wpforms-2428-field_4\">Anzeigenk\u00fcndigung <span class=\"wpforms-required-label\" aria-hidden=\"true\">*<\/span><\/label><textarea id=\"wpforms-2428-field_4\" class=\"wpforms-field-medium wpforms-field-required wpforms-limit-characters-enabled\" data-form-id=\"2428\" data-field-id=\"4\" data-text-limit=\"1500\" name=\"wpforms[fields][4]\" placeholder=\"Geben  Sie hier die  immo-ID der zu l\u00f6schenden Ver\u00f6ffentlichung(en) an. \" aria-errormessage=\"wpforms-2428-field_4-error\" aria-describedby=\"wpforms-2428-field_4-description\" maxlength=\"1500\" required><\/textarea><div id=\"wpforms-2428-field_4-description\" class=\"wpforms-field-description\">Hiermit bitte ich, die per immo-ID benannte(n) Ver\u00f6ffentlichung(en),  mit   sofortiger  Wirkung einzustellen.<\/div><\/div><div id=\"wpforms-2428-field_12-container\" class=\"wpforms-field wpforms-field-text\" data-field-id=\"12\"><label class=\"wpforms-field-label\" for=\"wpforms-2428-field_12\">Kunden-Nr. <span class=\"wpforms-required-label\" aria-hidden=\"true\">*<\/span><\/label><input type=\"text\" id=\"wpforms-2428-field_12\" class=\"wpforms-field-small wpforms-field-required\" name=\"wpforms[fields][12]\" aria-errormessage=\"wpforms-2428-field_12-error\" required><\/div><div id=\"wpforms-2428-field_11-container\" class=\"wpforms-field wpforms-field-text\" data-field-id=\"11\"><label class=\"wpforms-field-label\" for=\"wpforms-2428-field_11\">Name \/ Vorname <span class=\"wpforms-required-label\" aria-hidden=\"true\">*<\/span><\/label><input type=\"text\" id=\"wpforms-2428-field_11\" class=\"wpforms-field-large wpforms-field-required\" name=\"wpforms[fields][11]\" aria-errormessage=\"wpforms-2428-field_11-error\" required><\/div><div id=\"wpforms-2428-field_13-container\" class=\"wpforms-field wpforms-field-text\" data-field-id=\"13\"><label class=\"wpforms-field-label\" for=\"wpforms-2428-field_13\">Zusatz  (Fa., Verein, etc.)<\/label><input type=\"text\" id=\"wpforms-2428-field_13\" class=\"wpforms-field-large\" name=\"wpforms[fields][13]\" aria-errormessage=\"wpforms-2428-field_13-error\" ><\/div><div id=\"wpforms-2428-field_15-container\" class=\"wpforms-field wpforms-field-layout\" data-field-id=\"15\"><label class=\"wpforms-field-label wpforms-label-hide\" for=\"wpforms-2428-field_15\" aria-hidden=\"false\">Layout<\/label><div class=\"wpforms-field-layout-columns wpforms-field-layout-preset-50-50\"><div class=\"wpforms-layout-column wpforms-layout-column-50\"><div id=\"wpforms-2428-field_16-container\" class=\"wpforms-field wpforms-field-phone\" data-field-id=\"16\"><label class=\"wpforms-field-label\" for=\"wpforms-2428-field_16\">Telefon <span class=\"wpforms-required-label\" aria-hidden=\"true\">*<\/span><\/label><input type=\"tel\" id=\"wpforms-2428-field_16\" class=\"wpforms-field-medium wpforms-field-required wpforms-smart-phone-field\" data-rule-smart-phone-field=\"true\" name=\"wpforms[fields][16]\" aria-errormessage=\"wpforms-2428-field_16-error\" required><\/div><\/div><div class=\"wpforms-layout-column wpforms-layout-column-50\"><div id=\"wpforms-2428-field_17-container\" class=\"wpforms-field wpforms-field-email\" data-field-id=\"17\"><label class=\"wpforms-field-label\" for=\"wpforms-2428-field_17\">Email <span class=\"wpforms-required-label\" aria-hidden=\"true\">*<\/span><\/label><input type=\"email\" id=\"wpforms-2428-field_17\" class=\"wpforms-field-medium wpforms-field-required\" name=\"wpforms[fields][17]\" spellcheck=\"false\" aria-errormessage=\"wpforms-2428-field_17-error\" required><\/div><\/div><\/div><\/div><\/div><!-- .wpforms-field-container --><div class=\"wpforms-submit-container\" ><input type=\"hidden\" name=\"wpforms[id]\" value=\"2428\"><input type=\"hidden\" name=\"wpforms[author]\" value=\"1\"><button type=\"submit\" name=\"wpforms[submit]\" id=\"wpforms-submit-2428\" class=\"wpforms-submit\" data-alt-text=\"Absenden\" data-submit-text=\"Absenden\" aria-live=\"assertive\" value=\"wpforms-submit\">Absenden<\/button><\/div><\/form><\/div>  <!-- .wpforms-container --><\/p>\n","protected":false},"author":1,"featured_media":0,"parent":0,"menu_order":0,"comment_status":"closed","ping_status":"closed","template":"","meta":{"_et_pb_use_builder":"on","_et_pb_old_content":"","_et_gb_content_width":"","_kadence_starter_templates_imported_post":false,"footnotes":""},"class_list":["post-2149","page","type-page","status-publish","hentry"],"_links":{"self":[{"href":"https:\/\/immo-maklerfrei-formulare.de\/index.php?rest_route=\/wp\/v2\/pages\/2149","targetHints":{"allow":["GET"]}}],"collection":[{"href":"https:\/\/immo-maklerfrei-formulare.de\/index.php?rest_route=\/wp\/v2\/pages"}],"about":[{"href":"https:\/\/immo-maklerfrei-formulare.de\/index.php?rest_route=\/wp\/v2\/types\/page"}],"author":[{"embeddable":true,"href":"https:\/\/immo-maklerfrei-formulare.de\/index.php?rest_route=\/wp\/v2\/users\/1"}],"replies":[{"embeddable":true,"href":"https:\/\/immo-maklerfrei-formulare.de\/index.php?rest_route=%2Fwp%2Fv2%2Fcomments&post=2149"}],"version-history":[{"count":13,"href":"https:\/\/immo-maklerfrei-formulare.de\/index.php?rest_route=\/wp\/v2\/pages\/2149\/revisions"}],"predecessor-version":[{"id":2447,"href":"https:\/\/immo-maklerfrei-formulare.de\/index.php?rest_route=\/wp\/v2\/pages\/2149\/revisions\/2447"}],"wp:attachment":[{"href":"https:\/\/immo-maklerfrei-formulare.de\/index.php?rest_route=%2Fwp%2Fv2%2Fmedia&parent=2149"}],"curies":[{"name":"wp","href":"https:\/\/api.w.org\/{rel}","templated":true}]}}